{"id":1200,"date":"2021-03-29T07:15:43","date_gmt":"2021-03-29T07:15:43","guid":{"rendered":"https:\/\/corporacionarca.com\/trabaja-con-nosotros\/"},"modified":"2021-06-02T07:00:11","modified_gmt":"2021-06-02T07:00:11","slug":"work-with-us","status":"publish","type":"page","link":"https:\/\/corporacionarca.com\/en\/work-with-us\/","title":{"rendered":"Work with us."},"content":{"rendered":"[vc_row css_animation=&#8221;&#8221; row_type=&#8221;row&#8221; use_row_as_full_screen_section=&#8221;no&#8221; type=&#8221;grid&#8221; angled_section=&#8221;no&#8221; text_align=&#8221;left&#8221; background_image_as_pattern=&#8221;without_pattern&#8221; z_index=&#8221;&#8221;][vc_column width=&#8221;1\/6&#8243;][\/vc_column][vc_column width=&#8221;2\/3&#8243;][vc_empty_space height=&#8221;100px&#8221;][vc_column_text]\r\n<h5 style=\"text-align: center;\">Add your talent to a team that diversifies, expands and redesigns its business lines so they can ultimately thrive and have an impact.<\/h5>\r\n[\/vc_column_text][vc_empty_space height=&#8221;50px&#8221;]<div class=\"qode-accordion-holder clearfix qode-toggle qode-initial \">\n\t<h5 class=\"clearfix qode-title-holder\">\n<span class=\"qode-tab-title\">\n\t    <span class=\"qode-tab-title-inner\">\n        Arquitecto Superior    <\/span>\n<\/span>\n<span class=\"qode-accordion-mark\">\n    <span class=\"qode-accordion-mark-icon\">\n        <span class=\"icon_plus\"><\/span>\n        <span class=\"icon_minus-06\"><\/span>\n    <\/span>\n<\/span>\n<\/h5>\n<div  class=\"qode-accordion-content \" >\n    <div class=\"qode-accordion-content-inner\">\n        [vc_column_text]<strong>REQUISITOS<\/strong>\r\n<ul>\r\n \t<li>Formaci\u00f3n: Arquitecto.<\/li>\r\n \t<li>Experiencia superior con m\u00e1s de 15 a\u00f1os de experiencia.<\/li>\r\n \t<li>Especialidad en edificaci\u00f3n y urbanismo.<\/li>\r\n \t<li>Experiencia en redacci\u00f3n de proyectos residenciales, comerciales, industriales y hoteleros.<\/li>\r\n \t<li>Capacidad de desarrollo de proyectos de arquitectura y urbanismo.<\/li>\r\n \t<li>Conocimiento de CTE y capacidad de c\u00e1lculo de estructuras.<\/li>\r\n \t<li>Conocimientos amplios de materiales y resoluciones t\u00e9cnicas.<\/li>\r\n<\/ul>\r\n&nbsp;\r\n\r\n<strong>SOFTWARE<\/strong>\r\n<ul>\r\n \t<li>OFFICE. Nivel Medio\u2010Alto (imprescindible).<\/li>\r\n \t<li>PRESTO (MED\/PRES\/CERT). Nivel Alto (imprescindible).<\/li>\r\n \t<li>AUTOCAD. Nivel Medio\u2010Alto (imprescindible).<\/li>\r\n \t<li>BIM (Revit) Medio\u2010Alto (imprescindible).<\/li>\r\n \t<li>3D STUDIO Medio\u2010Alto (imprescindible).<\/li>\r\n \t<li>CYPE Medio\u2010Alto (imprescindible).<\/li>\r\n \t<li>Programa de tratamiento de im\u00e1genes, renders e infograf\u00edas.<\/li>\r\n<\/ul>\r\n&nbsp;\r\n\r\n<strong>SE VALORAR\u00c1<\/strong>\r\n<ul>\r\n \t<li>Gesti\u00f3n documental relativa a oficina t\u00e9cnica.<\/li>\r\n \t<li>Experiencia en obra.<\/li>\r\n \t<li>Sentido de la responsabilidad y capacidad de decisi\u00f3n.<\/li>\r\n<\/ul>\r\n<strong>\u00a0<\/strong>\r\n\r\n<strong>SE OFRECE<\/strong>\r\n<ul>\r\n \t<li>Jornada completa.<\/li>\r\n \t<li>incorporaci\u00f3n inmediata.<\/li>\r\n<\/ul>\r\n[\/vc_column_text]    <\/div>\n<\/div><h5 class=\"clearfix qode-title-holder\">\n<span class=\"qode-tab-title\">\n\t    <span class=\"qode-tab-title-inner\">\n        Aparejador    <\/span>\n<\/span>\n<span class=\"qode-accordion-mark\">\n    <span class=\"qode-accordion-mark-icon\">\n        <span class=\"icon_plus\"><\/span>\n        <span class=\"icon_minus-06\"><\/span>\n    <\/span>\n<\/span>\n<\/h5>\n<div  class=\"qode-accordion-content \" >\n    <div class=\"qode-accordion-content-inner\">\n        [vc_column_text]<strong>REQUISITOS<\/strong>\r\n<ul>\r\n \t<li>Formaci\u00f3n: Arquitecto t\u00e9cnico.<\/li>\r\n \t<li>Experiencia en ejecuci\u00f3n, control y certificaci\u00f3n de obras (m\u00edn. 10 a\u00f1os).<\/li>\r\n \t<li>Conocimientos de topograf\u00eda y replanteo, con habilidades en el uso de equipos<\/li>\r\n \t<li>Conocimiento en prevenci\u00f3n de riesgos PRL.<\/li>\r\n \t<li>Capacidad de trabajo de forma aut\u00f3noma.<\/li>\r\n \t<li>Disponibilidad para viajar.<\/li>\r\n<\/ul>\r\n<strong>SOFTWARE<\/strong>\r\n<ul>\r\n \t<li>Nivel Medio\u2010Alto (imprescindible).<\/li>\r\n \t<li>PRESTO (MED\/PRES\/CERT). Nivel Alto (imprescindible).<\/li>\r\n \t<li>Nivel Medio\u2010Alto (imprescindible).<\/li>\r\n \t<li>BIM (Revit) Nivel B\u00e1sico (opcional).<\/li>\r\n \t<li>COST IT (Revit) Nivel Alto (opcional).<\/li>\r\n \t<li>MS PROJECT. Nivel Medio.<\/li>\r\n<\/ul>\r\n<strong>SE VALORAR\u00c1<\/strong>\r\n<ul>\r\n \t<li>M\u00e1ster en prevenci\u00f3n de riesgos PRL.<\/li>\r\n \t<li>Experiencia en instalaciones el\u00e9ctricas, climatizaci\u00f3n, contra incendios e hidr\u00e1ulicas.<\/li>\r\n \t<li>Sentido de la responsabilidad y capacidad de decisi\u00f3n.<\/li>\r\n<\/ul>\r\n<strong>FUNCIONES<\/strong>\r\n<ul>\r\n \t<li>Organizaci\u00f3n y supervisi\u00f3n del equipo a su cargo, capataces y oficiales, tanto propios como procedentes de subcontratas.<\/li>\r\n \t<li>Coordinaci\u00f3n y vigilancia del complimiento de la seguridad y salud de los Trabajos.<\/li>\r\n \t<li>Creaci\u00f3n, montaje y gesti\u00f3n de partidas de presupuestos.<\/li>\r\n \t<li>Direcci\u00f3n y control de la ejecuci\u00f3n de obras.<\/li>\r\n \t<li>Experiencia en control de ejecuci\u00f3n de estructuras, con revisi\u00f3n de armados, resoluci\u00f3n de detalles, control y puesta en marcha en obra de hormigones.<\/li>\r\n \t<li>Supervisi\u00f3n, trazabilidad y control de pruebas.<\/li>\r\n \t<li>Prescripci\u00f3n y recepci\u00f3n de materiales.<\/li>\r\n \t<li>Proponer soluciones y mejoras t\u00e9cnicas.<\/li>\r\n \t<li>Planificaci\u00f3n de recursos y objetivos.<\/li>\r\n \t<li>Control econ\u00f3mico de obras, supervisi\u00f3n y redacci\u00f3n de certificaciones mensuales.<\/li>\r\n \t<li>Elaboraci\u00f3n de informes.<\/li>\r\n \t<li>Gesti\u00f3n de bases de precios.<\/li>\r\n \t<li>Realizaci\u00f3n de mediciones.<\/li>\r\n \t<li>Levantamientos de planos, delineaci\u00f3n de planos y detalles constructivos de obra.<\/li>\r\n \t<li>Apoyo t\u00e9cnico al departamento de arquitectura.<\/li>\r\n<\/ul>\r\n<strong>SE OFRECE<\/strong>\r\n<ul>\r\n \t<li>Jornada completa.<\/li>\r\n \t<li>incorporaci\u00f3n inmediata.<\/li>\r\n<\/ul>\r\n[\/vc_column_text]    <\/div>\n<\/div><\/div>[vc_empty_space height=&#8221;100px&#8221;][\/vc_column][vc_column width=&#8221;1\/6&#8243;][\/vc_column][\/vc_row][vc_row css_animation=&#8221;&#8221; row_type=&#8221;row&#8221; use_row_as_full_screen_section=&#8221;no&#8221; type=&#8221;full_width&#8221; angled_section=&#8221;no&#8221; text_align=&#8221;left&#8221; background_image_as_pattern=&#8221;without_pattern&#8221;][vc_column][vc_empty_space height=&#8221;50px&#8221;][\/vc_column][\/vc_row][vc_row css_animation=&#8221;&#8221; row_type=&#8221;row&#8221; use_row_as_full_screen_section=&#8221;no&#8221; type=&#8221;grid&#8221; angled_section=&#8221;no&#8221; text_align=&#8221;left&#8221; background_image_as_pattern=&#8221;without_pattern&#8221; z_index=&#8221;&#8221;][vc_column width=&#8221;6\/12&#8243;][vc_single_image image=&#8221;1203&#8243; img_size=&#8221;full&#8221; qode_css_animation=&#8221;&#8221; el_class=&#8221;HoverOscuro&#8221;][vc_empty_space height=&#8221;100px&#8221;][\/vc_column][vc_column width=&#8221;1\/12&#8243;][\/vc_column][vc_column width=&#8221;4\/12&#8243;]\n<div class=\"wpcf7 no-js\" id=\"wpcf7-f1199-o1\" lang=\"en-US\" dir=\"ltr\" data-wpcf7-id=\"1199\">\n<div class=\"screen-reader-response\"><p role=\"status\" aria-live=\"polite\" aria-atomic=\"true\"><\/p> <ul><\/ul><\/div>\n<form action=\"\/en\/wp-json\/wp\/v2\/pages\/1200#wpcf7-f1199-o1\" method=\"post\" class=\"wpcf7-form init default\" aria-label=\"Contact form\" enctype=\"multipart\/form-data\" novalidate=\"novalidate\" data-status=\"init\">\n<div style=\"display: none;\">\n<input type=\"hidden\" name=\"_wpcf7\" value=\"1199\" \/>\n<input type=\"hidden\" name=\"_wpcf7_version\" value=\"6.0.1\" \/>\n<input type=\"hidden\" name=\"_wpcf7_locale\" value=\"en_US\" \/>\n<input type=\"hidden\" name=\"_wpcf7_unit_tag\" value=\"wpcf7-f1199-o1\" \/>\n<input type=\"hidden\" name=\"_wpcf7_container_post\" value=\"0\" \/>\n<input type=\"hidden\" name=\"_wpcf7_posted_data_hash\" value=\"\" \/>\n<input type=\"hidden\" name=\"_wpcf7cf_hidden_group_fields\" value=\"[]\" \/>\n<input type=\"hidden\" name=\"_wpcf7cf_hidden_groups\" value=\"[]\" \/>\n<input type=\"hidden\" name=\"_wpcf7cf_visible_groups\" value=\"[]\" \/>\n<input type=\"hidden\" name=\"_wpcf7cf_repeaters\" value=\"[]\" \/>\n<input type=\"hidden\" name=\"_wpcf7cf_steps\" value=\"{}\" \/>\n<input type=\"hidden\" name=\"_wpcf7cf_options\" value=\"{&quot;form_id&quot;:1199,&quot;conditions&quot;:[],&quot;settings&quot;:{&quot;animation&quot;:&quot;yes&quot;,&quot;animation_intime&quot;:200,&quot;animation_outtime&quot;:200,&quot;conditions_ui&quot;:&quot;normal&quot;,&quot;notice_dismissed&quot;:false}}\" \/>\n<input type=\"hidden\" name=\"_wpcf7_recaptcha_response\" value=\"\" \/>\n<\/div>\n<p><label> Your name<br \/>\n<span class=\"wpcf7-form-control-wrap\" data-name=\"your-name\"><input size=\"40\" maxlength=\"400\" class=\"wpcf7-form-control wpcf7-text wpcf7-validates-as-required\" aria-required=\"true\" aria-invalid=\"false\" value=\"\" type=\"text\" name=\"your-name\" \/><\/span> <\/label>\n<\/p>\n<p><label> Your email address<br \/>\n<span class=\"wpcf7-form-control-wrap\" data-name=\"your-email\"><input size=\"40\" maxlength=\"400\" class=\"wpcf7-form-control wpcf7-email wpcf7-validates-as-required wpcf7-text wpcf7-validates-as-email\" aria-required=\"true\" aria-invalid=\"false\" value=\"\" type=\"email\" name=\"your-email\" \/><\/span> <\/label>\n<\/p>\n<p><label> Your message<br \/>\n<span class=\"wpcf7-form-control-wrap\" data-name=\"your-message\"><textarea cols=\"40\" rows=\"10\" maxlength=\"2000\" class=\"wpcf7-form-control wpcf7-textarea\" aria-invalid=\"false\" name=\"your-message\"><\/textarea><\/span> <\/label>\n<\/p>\n<p>Attach your CV<br \/>\n<span class=\"wpcf7-form-control-wrap\" data-name=\"file-392\"><input size=\"40\" class=\"wpcf7-form-control wpcf7-file wpcf7-validates-as-required\" accept=\"audio\/*,video\/*,image\/*\" aria-required=\"true\" aria-invalid=\"false\" type=\"file\" name=\"file-392\" \/><\/span>\n<\/p>\n<p><span class=\"wpcf7-form-control-wrap\" data-name=\"acceptance-642\"><span class=\"wpcf7-form-control wpcf7-acceptance\"><span class=\"wpcf7-list-item\"><label><input type=\"checkbox\" name=\"acceptance-642\" value=\"1\" aria-invalid=\"false\" \/><span class=\"wpcf7-list-item-label\">I accept<\/span><\/label><\/span><\/span><\/span><a href=\"https:\/\/corporacionarca.com\/aviso-legal\/\">the privacy policy, the legal notice <\/a> and the cookie policy\n<\/p>\n<p><input class=\"wpcf7-form-control wpcf7-submit has-spinner\" type=\"submit\" value=\"Enviar\" \/>\n<\/p><p style=\"display: none !important;\" class=\"akismet-fields-container\" data-prefix=\"_wpcf7_ak_\"><label>&#916;<textarea name=\"_wpcf7_ak_hp_textarea\" cols=\"45\" rows=\"8\" maxlength=\"100\"><\/textarea><\/label><input type=\"hidden\" id=\"ak_js_1\" name=\"_wpcf7_ak_js\" value=\"218\"\/><script>document.getElementById( \"ak_js_1\" ).setAttribute( \"value\", ( new Date() ).getTime() );<\/script><\/p><div class=\"wpcf7-response-output\" aria-hidden=\"true\"><\/div>\n<\/form>\n<\/div>\n[vc_empty_space height=&#8221;30px&#8221;][vc_column_text]Check our <a href=\"https:\/\/www.linkedin.com\/company\/corporaci%C3%B3n-arca\" target=\"_blank\" rel=\"noopener\"><strong> Linkedin<\/strong><\/a> profile[\/vc_column_text][vc_empty_space height=&#8221;100px&#8221;][\/vc_column][vc_column width=&#8221;1\/12&#8243;][\/vc_column][\/vc_row]","protected":false},"excerpt":{"rendered":"<p>[vc_row css_animation=&#8221;&#8221; row_type=&#8221;row&#8221; use_row_as_full_screen_section=&#8221;no&#8221; type=&#8221;grid&#8221; angled_section=&#8221;no&#8221; text_align=&#8221;left&#8221; background_image_as_pattern=&#8221;without_pattern&#8221; z_index=&#8221;&#8221;][vc_column width=&#8221;1\/6&#8243;][\/vc_column][vc_column&#8230;<\/p>\n","protected":false},"author":1,"featured_media":0,"parent":0,"menu_order":0,"comment_status":"closed","ping_status":"closed","template":"full_width.php","meta":{"footnotes":""},"class_list":["post-1200","page","type-page","status-publish","hentry"],"_links":{"self":[{"href":"https:\/\/corporacionarca.com\/en\/wp-json\/wp\/v2\/pages\/1200","targetHints":{"allow":["GET"]}}],"collection":[{"href":"https:\/\/corporacionarca.com\/en\/wp-json\/wp\/v2\/pages"}],"about":[{"href":"https:\/\/corporacionarca.com\/en\/wp-json\/wp\/v2\/types\/page"}],"author":[{"embeddable":true,"href":"https:\/\/corporacionarca.com\/en\/wp-json\/wp\/v2\/users\/1"}],"replies":[{"embeddable":true,"href":"https:\/\/corporacionarca.com\/en\/wp-json\/wp\/v2\/comments?post=1200"}],"version-history":[{"count":4,"href":"https:\/\/corporacionarca.com\/en\/wp-json\/wp\/v2\/pages\/1200\/revisions"}],"predecessor-version":[{"id":1206,"href":"https:\/\/corporacionarca.com\/en\/wp-json\/wp\/v2\/pages\/1200\/revisions\/1206"}],"wp:attachment":[{"href":"https:\/\/corporacionarca.com\/en\/wp-json\/wp\/v2\/media?parent=1200"}],"curies":[{"name":"wp","href":"https:\/\/api.w.org\/{rel}","templated":true}]}}